{"id":524,"date":"2022-11-22T12:16:53","date_gmt":"2022-11-22T11:16:53","guid":{"rendered":"https:\/\/seaenergy.es\/privacy-policy\/"},"modified":"2023-01-16T10:28:24","modified_gmt":"2023-01-16T09:28:24","slug":"privacy-policy","status":"publish","type":"page","link":"https:\/\/seaenergy.es\/en\/privacy-policy\/","title":{"rendered":"Privacy Policy"},"content":{"rendered":"\t\t<div data-elementor-type=\"wp-page\" data-elementor-id=\"524\" class=\"elementor elementor-524 elementor-3\" data-elementor-post-type=\"page\">\n\t\t\t\t\t\t\t\t\t<section class=\"elementor-section elementor-top-section elementor-element elementor-element-51424f5c elementor-section-boxed elementor-section-height-default elementor-section-height-default\" data-id=\"51424f5c\" data-element_type=\"section\">\n\t\t\t\t\t\t<div class=\"elementor-container elementor-column-gap-default\">\n\t\t\t\t\t<div class=\"elementor-column elementor-col-100 elementor-top-column elementor-element elementor-element-23c7568f\" data-id=\"23c7568f\" data-element_type=\"column\">\n\t\t\t<div class=\"elementor-widget-wrap elementor-element-populated\">\n\t\t\t\t\t\t\t\t<div class=\"elementor-element elementor-element-524475b3 elementor-widget elementor-widget-text-editor\" data-id=\"524475b3\" data-element_type=\"widget\" data-widget_type=\"text-editor.default\">\n\t\t\t\t<div class=\"elementor-widget-container\">\n\t\t\t<style>\/*! elementor - v3.18.0 - 08-12-2023 *\/\n.elementor-widget-text-editor.elementor-drop-cap-view-stacked .elementor-drop-cap{background-color:#69727d;color:#fff}.elementor-widget-text-editor.elementor-drop-cap-view-framed .elementor-drop-cap{color:#69727d;border:3px solid;background-color:transparent}.elementor-widget-text-editor:not(.elementor-drop-cap-view-default) .elementor-drop-cap{margin-top:8px}.elementor-widget-text-editor:not(.elementor-drop-cap-view-default) .elementor-drop-cap-letter{width:1em;height:1em}.elementor-widget-text-editor .elementor-drop-cap{float:left;text-align:center;line-height:1;font-size:50px}.elementor-widget-text-editor .elementor-drop-cap-letter{display:inline-block}<\/style>\t\t\t\t<h3><strong>TREATMENT OF PERSONAL DATA<\/strong><\/h3>\r\n\r\n\r\n\r\n<p><strong>TRANSDIESEL<\/strong>&nbsp;es el responsable del tratamiento de los datos personales del interesado&nbsp;y le informa que estos datos ser\u00e1n tratados de conformidad con lo dispuesto en la normativa vigente de protecci\u00f3n de datos personales, el Reglamento (UE) 2016\/679 del Parlamento Europeo y del Consejo, de 27 de abril de 2016, relativo a la protecci\u00f3n de las personas f\u00edsicas en lo que respecta al tratamiento de datos personales y a la libre circulaci\u00f3n de estos datos.<strong>&nbsp;<\/strong><\/p>\r\n\r\n\r\n\r\n<h3><strong><\/strong><\/h3>\r\n\r\n\r\n\r\n<h4><strong>Informaci\u00f3n sobre protecci\u00f3n de datos personales<\/strong><\/h4>\r\n\r\n\r\n\r\n<ul>\r\n<li>Recepci\u00f3n de datos personales<\/li>\r\n\r\n\r\n\r\n<li>Responsable del tratamiento de sus datos personales<\/li>\r\n\r\n\r\n\r\n<li>Finalidad del tratamiento de los datos personales<\/li>\r\n\r\n\r\n\r\n<li>Legitimaci\u00f3n del tratamiento de los datos personales<\/li>\r\n\r\n\r\n\r\n<li>Destinatarios de los datos personales<\/li>\r\n\r\n\r\n\r\n<li>Tiempo de conservaci\u00f3n de los datos<\/li>\r\n\r\n\r\n\r\n<li>Derechos del interesado<\/li>\r\n\r\n\r\n\r\n<li>Medidas de seguridad<\/li>\r\n\r\n\r\n\r\n<li>Cambios en la pol\u00edtica de seguridad y de protecci\u00f3n de datos<strong><\/strong><\/li>\r\n<\/ul>\r\n\r\n\r\n\r\n<h4><strong>Recepci\u00f3n de datos personales<\/strong><\/h4>\r\n\r\n\r\n\r\n<p>Todos los datos personales tratados en&nbsp;<strong>TRANSDIESEL&nbsp;<\/strong>son proporcionados por los propios interesados o sus representantes legales.<\/p>\r\n\r\n\r\n\r\n<h4><strong><\/strong><\/h4>\r\n\r\n\r\n\r\n<h4><strong>Responsable del tratamiento de sus datos personales<\/strong><\/h4>\r\n\r\n\r\n\r\n<ul>\r\n<li><strong><em>Identidad<\/em><\/strong>:&nbsp;<strong>TRANSDIESEL<\/strong><\/li>\r\n\r\n\r\n\r\n<li><strong><em>CIF<\/em><\/strong>: B82545377<\/li>\r\n\r\n\r\n\r\n<li><strong><em>Direcci\u00f3n postal<\/em><\/strong><strong>:<\/strong>CALLE COPERNICO 26, 28823 COSLADA-MADRID<\/li>\r\n\r\n\r\n\r\n<li><strong><em>Tel\u00e9fono<\/em><\/strong>: 916737012<\/li>\r\n\r\n\r\n\r\n<li><strong><em>Correo electr\u00f3nico<\/em><\/strong>:&nbsp;contabilidad@casli.es<strong><\/strong><\/li>\r\n<\/ul>\r\n\r\n\r\n\r\n<h4><strong>Finalidad del tratamiento de los datos personales<\/strong><\/h4>\r\n\r\n\r\n\r\n<ul>\r\n<li><strong><em>Datos de personal<\/em><\/strong>: para mantenimiento, desarrollo, cumplimiento y control de la relaci\u00f3n contractual con nuestros empleados, as\u00ed como cumplimiento de la normativa vigente en materia laboral, de Seguridad Social y de Prevenci\u00f3n de Riesgos Laborales que resulte de aplicaci\u00f3n.<\/li>\r\n\r\n\r\n\r\n<li><strong><em>Datos de candidatos<\/em><\/strong>: para gestionar la participaci\u00f3n de los interesados en los procesos de selecci\u00f3n de personal que realice la empresa.<\/li>\r\n\r\n\r\n\r\n<li><strong><em>Datos de clientes<\/em><\/strong>: para el adecuado mantenimiento, desarrollo, cumplimiento y control de la relaci\u00f3n contractual con los clientes y de los servicios que demanden.<\/li>\r\n\r\n\r\n\r\n<li><strong><em>Datos de proveedores<\/em><\/strong>: para el adecuado mantenimiento, desarrollo, cumplimiento y control de la relaci\u00f3n contractual con nuestros proveedores y de los servicios que nos prestan.<\/li>\r\n\r\n\r\n\r\n<li><strong><em>Dato apartado de contacto<\/em><\/strong>: para gestionar y dar respuesta a las consultas, quejas, sugerencias y solicitudes que realizan los usuarios a trav\u00e9s de la p\u00e1gina web.<\/li>\r\n\r\n\r\n\r\n<li><strong><em>Datos reclamaciones y consultas de clientes<\/em><\/strong>: para gestionar reclamaciones y consultas de clientes.<strong><\/strong><\/li>\r\n<\/ul>\r\n\r\n\r\n\r\n<h4><strong>Legitimaci\u00f3n del tratamiento de los datos personales<\/strong><\/h4>\r\n\r\n\r\n\r\n<ul>\r\n<li><strong><em>Datos de personal<\/em><\/strong>: la base para el tratamiento de los datos personales del proveedor es la ejecuci\u00f3n del contrato laboral entre la empresa y sus trabajadores.<\/li>\r\n\r\n\r\n\r\n<li><strong><em>Datos de candidatos<\/em><\/strong>: la base legal o jur\u00eddica para el tratamiento de los datos personales del interesado es el consentimiento que prestan al facilitarnos su curriculum vitae para participar en los procesos de selecci\u00f3n de personal que realicemos.<\/li>\r\n\r\n\r\n\r\n<li><strong><em>Datos de clientes<\/em><\/strong>: la base legal o jur\u00eddica para el tratamiento de los datos personales de los clientes es la ejecuci\u00f3n del contrato o pedidos que realizan.<\/li>\r\n\r\n\r\n\r\n<li><strong><em>Datos de proveedores<\/em><\/strong>: la base legal o jur\u00eddica para el tratamiento de los datos personales de los proveedores es la ejecuci\u00f3n del contrato o relaci\u00f3n comercial existente con la empresa.<\/li>\r\n\r\n\r\n\r\n<li><strong><em>Dato apartado de contacto<\/em><\/strong>: la base legal o jur\u00eddica para el tratamiento de los datos personales es el consentimiento prestado al rellenar el formulario habilitado al efecto.<\/li>\r\n\r\n\r\n\r\n<li><strong><em>Datos reclamaciones y consultas de clientes<\/em><\/strong>: la base legal o jur\u00eddica para el tratamiento de los datos personales es el consentimiento prestado al rellenar el formulario habilitado al efecto.<strong><\/strong><\/li>\r\n<\/ul>\r\n\r\n\r\n\r\n<h4><strong>Destinatarios de los datos personales<\/strong><\/h4>\r\n\r\n\r\n\r\n<p>Los datos personales de los empleados, candidatos, clientes, proveedores, as\u00ed como otros interesados (Newsletter, visitas museo, etc.) podr\u00e1n ser comunicados a:<\/p>\r\n\r\n\r\n\r\n<ul>\r\n<li>Otras empresas de&nbsp;<strong>GRUPO CASLI<\/strong>&nbsp;para fines de gesti\u00f3n interna.<\/li>\r\n\r\n\r\n\r\n<li>Terceros para prestaci\u00f3n de servicios relacionados con la relaci\u00f3n contractual.<strong><\/strong><\/li>\r\n<\/ul>\r\n\r\n\r\n\r\n<h4><strong>Tiempo de conservaci\u00f3n de los datos<\/strong><\/h4>\r\n\r\n\r\n\r\n<ul>\r\n<li><strong><em>Datos de personal<\/em><\/strong>: los datos personales de los empleados se conservar\u00e1n durante la vigencia de la relaci\u00f3n contractual laboral y, una vez finalizada esta, durante los plazos de prescripci\u00f3n de responsabilidades establecidas por las disposiciones legales que resulten de aplicaci\u00f3n.<\/li>\r\n\r\n\r\n\r\n<li><strong><em>Datos de candidatos<\/em><\/strong>: los datos personales de los candidatos se conservar\u00e1n mientras dure el proceso de selecci\u00f3n. Una vez finalizado el proceso y, en caso de que usted no sea seleccionado, conservaremos su expediente para futuros procesos de selecci\u00f3n.<\/li>\r\n\r\n\r\n\r\n<li><strong><em>Datos de clientes y de proveedores<\/em><\/strong>: sus datos personales se conservar\u00e1n durante la vigencia de la relaci\u00f3n contractual correspondiente y, una vez finalizada esta, durante los plazos de prescripci\u00f3n de responsabilidades establecidas por las disposiciones legales que resulten de aplicaci\u00f3n.<\/li>\r\n\r\n\r\n\r\n<li><strong><em>Dato apartado de contacto<\/em><\/strong>: los datos personales que nos proporcionan los usuarios al contactar con nosotros se conservar\u00e1n \u00fanicamente durante la gesti\u00f3n de la solicitud que nos realiza de tal forma que, una vez finalizada su tramitaci\u00f3n, se proceder\u00e1 a su supresi\u00f3n.<\/li>\r\n\r\n\r\n\r\n<li><strong><em>Datos reclamaciones y consultas de clientes<\/em><\/strong>: los datos personales que nos proporcionan los usuarios al contactar con nosotros se conservar\u00e1n \u00fanicamente durante la gesti\u00f3n de la solicitud que nos realiza de tal forma que, una vez finalizada su tramitaci\u00f3n, se proceder\u00e1 a su supresi\u00f3n.<strong><\/strong><\/li>\r\n<\/ul>\r\n\r\n\r\n\r\n<h4><strong>Derechos del interesado<\/strong><\/h4>\r\n\r\n\r\n\r\n<p>El Interesado podr\u00e1 ejercer en todo momento los siguientes derechos, previstos en el RGPD, en relaci\u00f3n al tratamiento de sus datos personales:<\/p>\r\n\r\n\r\n\r\n<ul>\r\n<li><em>Derecho a solicitar el acceso a sus datos personales.<\/em><\/li>\r\n\r\n\r\n\r\n<li><em>Derecho a solicitar su rectificaci\u00f3n o supresi\u00f3n.<\/em><\/li>\r\n\r\n\r\n\r\n<li><em>Derecho a solicitar la limitaci\u00f3n de su tratamiento.<\/em><\/li>\r\n\r\n\r\n\r\n<li><em>Derecho a oponerse al tratamiento.<\/em><\/li>\r\n\r\n\r\n\r\n<li><em>Derecho a la portabilidad de los datos.<\/em><\/li>\r\n<\/ul>\r\n\r\n\r\n\r\n<p>Tales derechos podr\u00e1n ser ejercidos mediante una comunicaci\u00f3n dirigida a&nbsp;<strong>TRANSDIESEL&nbsp;<\/strong>&nbsp;a la direcci\u00f3n CALLE COPERNICO 26, 28823,COSLADA-MADRID.<\/p>\r\n\r\n\r\n\r\n<h4><strong><\/strong><\/h4>\r\n\r\n\r\n\r\n<h4><strong>Medidas de seguridad<\/strong><\/h4>\r\n\r\n\r\n\r\n<p><strong>TRANSDIESEL S.L<\/strong>&nbsp;ha adoptado las medidas t\u00e9cnicas y organizativas apropiadas para garantizar un nivel de seguridad adecuado, seg\u00fan la naturaleza de los datos personales tratados y las circunstancias del tratamiento, con el objeto de evitar, en la medida de lo posible y siempre seg\u00fan el estado de la t\u00e9cnica, su alteraci\u00f3n, p\u00e9rdida, tratamiento o acceso no autorizado.<\/p>\r\n\r\n\r\n\r\n<p>Asimismo,&nbsp;<strong>TRANSDIESEL<\/strong>&nbsp;garantiza que ha implementado mecanismos para:<\/p>\r\n\r\n\r\n\r\n<ol>\r\n<li>Garantizar la confidencialidad, integridad, disponibilidad y resiliencia permanentes de los sistemas y servicios de tratamiento.<\/li>\r\n\r\n\r\n\r\n<li>Restaurar la disponibilidad y el acceso a los datos personales de forma r\u00e1pida, en caso de incidente f\u00edsico o t\u00e9cnico.<\/li>\r\n\r\n\r\n\r\n<li>Verificar y comprobar, de forma regular, la eficacia de las medidas t\u00e9cnicas y organizativas implantadas para garantizar la seguridad del tratamiento de los datos.<\/li>\r\n<\/ol>\r\n\r\n\r\n\r\n<h4><strong>Cambios en la pol\u00edtica de seguridad y de protecci\u00f3n de datos<\/strong><\/h4>\r\n\r\n\r\n\r\n<p><strong>TRANSDIESEL<\/strong>&nbsp;se reserva el derecho de modificar su pol\u00edtica de seguridad y protecci\u00f3n de datos con el objeto de adaptarlo a las novedades legislativas o jurisprudenciales, as\u00ed como las que pudieran derivarse de c\u00f3digos tipo existentes en la materia, o por decisiones corporativas estrat\u00e9gicas, con efectos de la fecha de publicaci\u00f3n de dicha modificaci\u00f3n en la p\u00e1gina Web de&nbsp;<strong>TRANSDIESEL.<\/strong><\/p>\r\n\t\t\t\t\t\t<\/div>\n\t\t\t\t<\/div>\n\t\t\t\t\t<\/div>\n\t\t<\/div>\n\t\t\t\t\t\t\t<\/div>\n\t\t<\/section>\n\t\t\t\t\t\t\t<\/div>\n\t\t","protected":false},"excerpt":{"rendered":"<p>TREATMENT OF PERSONAL DATA TRANSDIESEL&nbsp;es el responsable del tratamiento de los datos personales del interesado&nbsp;y le informa que estos datos ser\u00e1n tratados de conformidad con lo dispuesto en la normativa vigente de protecci\u00f3n de datos personales, el Reglamento (UE) 2016\/679 del Parlamento Europeo y del Consejo, de 27 de abril de 2016, relativo a la &#8230; <a title=\"Privacy Policy\" class=\"read-more\" href=\"https:\/\/seaenergy.es\/en\/privacy-policy\/\" aria-label=\"More on Privacy Policy\">Read more<\/a><\/p>\n","protected":false},"author":1,"featured_media":0,"parent":0,"menu_order":0,"comment_status":"closed","ping_status":"closed","template":"","meta":{"footnotes":""},"class_list":["post-524","page","type-page","status-publish"],"yoast_head":"<!-- This site is optimized with the Yoast SEO plugin v21.6 - https:\/\/yoast.com\/wordpress\/plugins\/seo\/ -->\n<title>Privacy Policy - Sea Energy<\/title>\n<meta name=\"robots\" content=\"index, follow, max-snippet:-1, max-image-preview:large, max-video-preview:-1\" \/>\n<link rel=\"canonical\" href=\"https:\/\/seaenergy.es\/en\/privacy-policy\/\" \/>\n<meta property=\"og:locale\" content=\"en_US\" \/>\n<meta property=\"og:type\" content=\"article\" \/>\n<meta property=\"og:title\" content=\"Privacy Policy - Sea Energy\" \/>\n<meta property=\"og:description\" content=\"TREATMENT OF PERSONAL DATA TRANSDIESEL&nbsp;es el responsable del tratamiento de los datos personales del interesado&nbsp;y le informa que estos datos ser\u00e1n tratados de conformidad con lo dispuesto en la normativa vigente de protecci\u00f3n de datos personales, el Reglamento (UE) 2016\/679 del Parlamento Europeo y del Consejo, de 27 de abril de 2016, relativo a la ... Read more\" \/>\n<meta property=\"og:url\" content=\"https:\/\/seaenergy.es\/en\/privacy-policy\/\" \/>\n<meta property=\"og:site_name\" content=\"Sea Energy\" \/>\n<meta property=\"article:modified_time\" content=\"2023-01-16T09:28:24+00:00\" \/>\n<meta name=\"twitter:card\" content=\"summary_large_image\" \/>\n<meta name=\"twitter:label1\" content=\"Est. reading time\" \/>\n\t<meta name=\"twitter:data1\" content=\"6 minutes\" \/>\n<script type=\"application\/ld+json\" class=\"yoast-schema-graph\">{\"@context\":\"https:\/\/schema.org\",\"@graph\":[{\"@type\":\"WebPage\",\"@id\":\"https:\/\/seaenergy.es\/en\/privacy-policy\/\",\"url\":\"https:\/\/seaenergy.es\/en\/privacy-policy\/\",\"name\":\"Privacy Policy - Sea Energy\",\"isPartOf\":{\"@id\":\"https:\/\/seaenergy.es\/en\/#website\"},\"datePublished\":\"2022-11-22T11:16:53+00:00\",\"dateModified\":\"2023-01-16T09:28:24+00:00\",\"breadcrumb\":{\"@id\":\"https:\/\/seaenergy.es\/en\/privacy-policy\/#breadcrumb\"},\"inLanguage\":\"en-US\",\"potentialAction\":[{\"@type\":\"ReadAction\",\"target\":[\"https:\/\/seaenergy.es\/en\/privacy-policy\/\"]}]},{\"@type\":\"BreadcrumbList\",\"@id\":\"https:\/\/seaenergy.es\/en\/privacy-policy\/#breadcrumb\",\"itemListElement\":[{\"@type\":\"ListItem\",\"position\":1,\"name\":\"Portada\",\"item\":\"https:\/\/seaenergy.es\/en\/\"},{\"@type\":\"ListItem\",\"position\":2,\"name\":\"Privacy Policy\"}]},{\"@type\":\"WebSite\",\"@id\":\"https:\/\/seaenergy.es\/en\/#website\",\"url\":\"https:\/\/seaenergy.es\/en\/\",\"name\":\"Sea Energy\",\"description\":\"SEAENERGY, LA SOLUCI\u00d3N PARA EL SUMINISTRO DE ENERG\u00cdA A BORDO\u200b\",\"publisher\":{\"@id\":\"https:\/\/seaenergy.es\/en\/#organization\"},\"potentialAction\":[{\"@type\":\"SearchAction\",\"target\":{\"@type\":\"EntryPoint\",\"urlTemplate\":\"https:\/\/seaenergy.es\/en\/?s={search_term_string}\"},\"query-input\":\"required name=search_term_string\"}],\"inLanguage\":\"en-US\"},{\"@type\":\"Organization\",\"@id\":\"https:\/\/seaenergy.es\/en\/#organization\",\"name\":\"Sea Energy\",\"url\":\"https:\/\/seaenergy.es\/en\/\",\"logo\":{\"@type\":\"ImageObject\",\"inLanguage\":\"en-US\",\"@id\":\"https:\/\/seaenergy.es\/en\/#\/schema\/logo\/image\/\",\"url\":\"https:\/\/seaenergy.es\/wp-content\/uploads\/2022\/12\/Sea-Energy-Horizontal-logo.png\",\"contentUrl\":\"https:\/\/seaenergy.es\/wp-content\/uploads\/2022\/12\/Sea-Energy-Horizontal-logo.png\",\"width\":250,\"height\":43,\"caption\":\"Sea Energy\"},\"image\":{\"@id\":\"https:\/\/seaenergy.es\/en\/#\/schema\/logo\/image\/\"}}]}<\/script>\n<!-- \/ Yoast SEO plugin. -->","yoast_head_json":{"title":"Privacy Policy - Sea Energy","robots":{"index":"index","follow":"follow","max-snippet":"max-snippet:-1","max-image-preview":"max-image-preview:large","max-video-preview":"max-video-preview:-1"},"canonical":"https:\/\/seaenergy.es\/en\/privacy-policy\/","og_locale":"en_US","og_type":"article","og_title":"Privacy Policy - Sea Energy","og_description":"TREATMENT OF PERSONAL DATA TRANSDIESEL&nbsp;es el responsable del tratamiento de los datos personales del interesado&nbsp;y le informa que estos datos ser\u00e1n tratados de conformidad con lo dispuesto en la normativa vigente de protecci\u00f3n de datos personales, el Reglamento (UE) 2016\/679 del Parlamento Europeo y del Consejo, de 27 de abril de 2016, relativo a la ... Read more","og_url":"https:\/\/seaenergy.es\/en\/privacy-policy\/","og_site_name":"Sea Energy","article_modified_time":"2023-01-16T09:28:24+00:00","twitter_card":"summary_large_image","twitter_misc":{"Est. reading time":"6 minutes"},"schema":{"@context":"https:\/\/schema.org","@graph":[{"@type":"WebPage","@id":"https:\/\/seaenergy.es\/en\/privacy-policy\/","url":"https:\/\/seaenergy.es\/en\/privacy-policy\/","name":"Privacy Policy - Sea Energy","isPartOf":{"@id":"https:\/\/seaenergy.es\/en\/#website"},"datePublished":"2022-11-22T11:16:53+00:00","dateModified":"2023-01-16T09:28:24+00:00","breadcrumb":{"@id":"https:\/\/seaenergy.es\/en\/privacy-policy\/#breadcrumb"},"inLanguage":"en-US","potentialAction":[{"@type":"ReadAction","target":["https:\/\/seaenergy.es\/en\/privacy-policy\/"]}]},{"@type":"BreadcrumbList","@id":"https:\/\/seaenergy.es\/en\/privacy-policy\/#breadcrumb","itemListElement":[{"@type":"ListItem","position":1,"name":"Portada","item":"https:\/\/seaenergy.es\/en\/"},{"@type":"ListItem","position":2,"name":"Privacy Policy"}]},{"@type":"WebSite","@id":"https:\/\/seaenergy.es\/en\/#website","url":"https:\/\/seaenergy.es\/en\/","name":"Sea Energy","description":"SEAENERGY, LA SOLUCI\u00d3N PARA EL SUMINISTRO DE ENERG\u00cdA A BORDO\u200b","publisher":{"@id":"https:\/\/seaenergy.es\/en\/#organization"},"potentialAction":[{"@type":"SearchAction","target":{"@type":"EntryPoint","urlTemplate":"https:\/\/seaenergy.es\/en\/?s={search_term_string}"},"query-input":"required name=search_term_string"}],"inLanguage":"en-US"},{"@type":"Organization","@id":"https:\/\/seaenergy.es\/en\/#organization","name":"Sea Energy","url":"https:\/\/seaenergy.es\/en\/","logo":{"@type":"ImageObject","inLanguage":"en-US","@id":"https:\/\/seaenergy.es\/en\/#\/schema\/logo\/image\/","url":"https:\/\/seaenergy.es\/wp-content\/uploads\/2022\/12\/Sea-Energy-Horizontal-logo.png","contentUrl":"https:\/\/seaenergy.es\/wp-content\/uploads\/2022\/12\/Sea-Energy-Horizontal-logo.png","width":250,"height":43,"caption":"Sea Energy"},"image":{"@id":"https:\/\/seaenergy.es\/en\/#\/schema\/logo\/image\/"}}]}},"_links":{"self":[{"href":"https:\/\/seaenergy.es\/en\/wp-json\/wp\/v2\/pages\/524","targetHints":{"allow":["GET"]}}],"collection":[{"href":"https:\/\/seaenergy.es\/en\/wp-json\/wp\/v2\/pages"}],"about":[{"href":"https:\/\/seaenergy.es\/en\/wp-json\/wp\/v2\/types\/page"}],"author":[{"embeddable":true,"href":"https:\/\/seaenergy.es\/en\/wp-json\/wp\/v2\/users\/1"}],"replies":[{"embeddable":true,"href":"https:\/\/seaenergy.es\/en\/wp-json\/wp\/v2\/comments?post=524"}],"version-history":[{"count":3,"href":"https:\/\/seaenergy.es\/en\/wp-json\/wp\/v2\/pages\/524\/revisions"}],"predecessor-version":[{"id":704,"href":"https:\/\/seaenergy.es\/en\/wp-json\/wp\/v2\/pages\/524\/revisions\/704"}],"wp:attachment":[{"href":"https:\/\/seaenergy.es\/en\/wp-json\/wp\/v2\/media?parent=524"}],"curies":[{"name":"wp","href":"https:\/\/api.w.org\/{rel}","templated":true}]}}