{"id":679,"date":"2022-12-13T23:43:09","date_gmt":"2022-12-13T22:43:09","guid":{"rendered":"https:\/\/seaenergy.es\/cerez-politikasi\/"},"modified":"2023-01-17T13:07:36","modified_gmt":"2023-01-17T12:07:36","slug":"cerez-politikasi","status":"publish","type":"page","link":"https:\/\/seaenergy.es\/tr\/cerez-politikasi\/","title":{"rendered":"\u00c7erez Politikas\u0131"},"content":{"rendered":"<\/p>\n\nWeb sitemizi \u015fahsi herhangi bir bilgi vermeden ziyaret edebilir, \u00fcr\u00fcnlerimiz ve servislerimiz hakk\u0131nda bilgi alarak ihtiya\u00e7lar\u0131n\u0131z\u0131 kar\u015f\u0131layabilirsiniz.\n\nZiyaretlerde site kullan\u0131m\u0131na ili\u015fkin bilgi toplamak i\u00e7in baz\u0131 \u00e7erezler kullan\u0131lmaktad\u0131r. Buradaki amac\u0131m\u0131z; web sitemizi ziyaret eden kullan\u0131c\u0131ya kolayl\u0131k sa\u011flamak ve i\u015fleyi\u015fi daha iyiye ta\u015f\u0131yabilmektir.Bilgi toplama y\u00f6ntemlerimizden biri, \u201ctan\u0131mlama bilgileri\u201d ad\u0131 verilen teknolojinin kullan\u0131lmas\u0131d\u0131r. Transdiesel.es\u2019de \u00e7erezler birka\u00e7 \u015fey i\u00e7in kullan\u0131l\u0131r.<p><\/p>\n\n<h5>\u00c7EREZ NEDIR?<\/h5>\n\n\u00c7erez, bir siteyi ziyaret etti\u011finizde taray\u0131c\u0131n\u0131z arac\u0131l\u0131\u011f\u0131yla bilgisayar\u0131n\u0131za veya mobil cihaz\u0131n\u0131za kaydedilen k\u00fc\u00e7\u00fck boyutlu bir metin dosyas\u0131d\u0131r. \u00c7erezler bir sitenin daha verimli \u00e7al\u0131\u015fmas\u0131n\u0131n yan\u0131 s\u0131ra ki\u015fisel ihtiya\u00e7lar\u0131n\u0131za daha uygun ve h\u0131zl\u0131 bir ziyaret deneyimi ya\u015fatmak i\u00e7in ki\u015fiselle\u015ftirilmi\u015f sayfalar\u0131n sunulabilmesine olanak vermektedir. \u00c7erezler sadece internet ortam\u0131ndaki ziyaret ge\u00e7mi\u015finize dair bilgiler i\u00e7ermekte olup, bilgisayar\u0131n\u0131zda veya mobil cihaz\u0131n\u0131zda depolanm\u0131\u015f dosyalara dair herhangi bir bilgi toplamamaktad\u0131r.<p><\/p>\n\n<h5>\u00c7EREZ NE DE\u011e\u0130LD\u0130R?<\/h5>\r\n\n<p>\u00c7erezler bir vir\u00fcs, Truva at\u0131, istenmeyen e-posta veya casus yaz\u0131l\u0131m olmay\u0131p internet taray\u0131c\u0131n\u0131zda pop-up pencereler a\u00e7maz.<\/p>\n\n<h5>BIR \u00c7EREZ HANGI BILGILERI DEPOLAR?<\/h5>\n\n<p>\u00c7erezler kredi kartlar\u0131 veya banka bilgileri, foto\u011fraflar veya ki\u015fisel bilgiler vb. Gibi sizinle ilgili hassas bilgileri saklamaz. Tuttuklar\u0131 veriler istatistikler, ki\u015fisel tercihler, i\u00e7eriklerin ki\u015fiselle\u015ftirilmesi vb. teknik verilerdir..<\/p>\r\n\r\n\n<p>Web sunucusu sizi bir ki\u015fi olarak de\u011fil web taray\u0131c\u0131n\u0131z olarak ili\u015fkilendirir. Asl\u0131nda, Chrome taray\u0131c\u0131s\u0131yla d\u00fczenli olarak gezinirseniz ve Firefox taray\u0131c\u0131s\u0131yla ayn\u0131 web\u2019de gezinmeye \u00e7al\u0131\u015f\u0131rsan\u0131z, web\u2019in ayn\u0131 ki\u015fi olmad\u0131\u011f\u0131n\u0131z\u0131n fark\u0131na varmad\u0131\u011f\u0131n\u0131 g\u00f6receksiniz \u00e7\u00fcnk\u00fc bu bilgileri taray\u0131c\u0131yla ili\u015fkilendirimektedir..<\/p>\n\n<h5>NE T\u00dcR \u00c7EREZLER KULLANIYORUZ?<\/h5>\r\n\n<ul><li><strong>Teknik \u00e7erezler: <\/strong>Bunlar en temel olan \u00e7erezlerdir ve bir insan veya otomatikle\u015ftirilmi\u015f bir uygulaman\u0131n sitemize ne zaman g\u00f6z att\u0131\u011f\u0131n\u0131, anonim ve kay\u0131tl\u0131 bir kullan\u0131c\u0131 gezindi\u011finde taray\u0131c\u0131n\u0131n \u00e7al\u0131\u015fmas\u0131 i\u00e7in temel g\u00f6revleri anlam\u0131za izin verir.\r\n<\/li>\r\n<li><strong>Analiz \u00e7erezleri: <\/strong> Yapmakta oldu\u011funuz i\u015flemlerde en \u00e7ok kulland\u0131\u011f\u0131n\u0131z b\u00f6l\u00fcmleri, tercih edilen \u00fcr\u00fcnleri, kullan\u0131m s\u00fcrenizi, dil vb. tercihleriniz hakk\u0131nda bilgi toplarlar.\r\n<\/li>\r\n<li><strong>Reklam \u00e7erezleri:<\/strong> Bulundu\u011funuz konuma, dilinize ve tercihlerinize g\u00f6re sizin i\u00e7in ki\u015fiselle\u015ftirilmi\u015f reklam g\u00f6sterirler.<\/li>\r\n<\/ul>\n<h5>BI\u0307RI\u0307NCI\u0307 TARAF VE \u00dc\u00c7\u00dcNC\u00dc TARAF \u00c7EREZLERI\u0307 NEDI\u0307R?\r\n<\/h5>\n\n<p>Bu web sitesi kendi \u00e7erezlerini ve \u00fc\u00e7\u00fcnc\u00fc taraf \u00e7erezlerini kullan\u0131r. Kendi \u00e7erezleri ziyaret etti\u011finiz sayfa taraf\u0131ndan olu\u015fturulanlard\u0131r ve \u00fc\u00e7\u00fcnc\u00fc taraf \u00e7erezleri Mailchimp, Facebook, Twitter, Google adsense vb. harici hizmetler veya sa\u011flay\u0131c\u0131lar taraf\u0131ndan olu\u015fturulanlard\u0131r.<\/p>\n\n<h5>HANGI \u00c7EREZLERI KULLANIYORUZ?<\/h5>\n\n<p>Bu web sitesinde, a\u015fa\u011f\u0131da ayr\u0131nt\u0131lar\u0131 verilen \u00e7erezler kullan\u0131lmaktad\u0131r:<\/p>\n\n<h5>ZORUNLU \u00c7EREZLER:<\/h5>\n\n<ul><li><strong>Giri\u015f: <\/strong>Giri\u015f \u00e7erezleri transdiesel.co.uk hesab\u0131n\u0131za giri\u015f yapman\u0131z\u0131 ve \u00e7\u0131k\u0131\u015f yapman\u0131z\u0131 sa\u011flar.\r\n<\/li>\r\n<li><strong>Ki\u015fiselle\u015ftirme:<\/strong>Bu \u00e7erezler, hangi ki\u015filerle veya web sitelerinde etkile\u015fimde bulundu\u011funuzu hat\u0131rlamam\u0131za yard\u0131mc\u0131 olur.\r\n<\/li>\r\n<li><strong>Tercihler:<\/strong> Tercih \u00e7erezleri tercih etti\u011finiz dil ve gizlilik ayarlar\u0131n\u0131z gibi ayarlar\u0131n\u0131z\u0131, tercihlerinizi hat\u0131rlamam\u0131za izin verir.\r\n<\/li>\r\n<li><strong>G\u00fcvenlik:<\/strong> G\u00fcvenlik risklerinden ka\u00e7\u0131nmak i\u00e7in tan\u0131mlama bilgileri kullan\u0131yoruz ve farkl\u0131 birisinin transdiesel.es hesab\u0131n\u0131z\u0131 \u00e7almas\u0131n\u0131 istemeyiz. Bu tip giri\u015fimlerden haberdar olup \u00f6nlemek i\u00e7in g\u00fcvenlik \u00e7erezlerini kullanmaktay\u0131z.\r\n<\/li>\r\n<\/ul>\n<h5>\u00dc\u00c7\u00dcNC\u00dc TARAF \u00c7EREZLERI<\/h5>\r\n\n<p>Bu web sitesi, kullan\u0131c\u0131 tercihlerinin analiz edilmesini ve kullan\u0131labilirli\u011fini art\u0131rmas\u0131na yard\u0131mc\u0131 olmak i\u00e7in analiz hizmetlerini, \u00f6zellikle de Google Analytics\u2019i kullan\u0131r. Fakat hi\u00e7bir durumda kullan\u0131c\u0131y\u0131 tan\u0131mlayabilecek verilerle ili\u015fkilendirilmez. Google Analytics, Google, Inc. taraf\u0131ndan sa\u011flanan bir web analizi hizmetidir. Google taraf\u0131ndan kullan\u0131lan \u00e7erez t\u00fcrlerine buradan ula\u015fabilirsiniz.<\/p>\n\n<p>Grupo Casli, Kuzey Amerika \u015firketi Automattic, Inc.\u2019e ait olan WordPress bloglar\u0131n\u0131 tedarik etme ve bar\u0131nd\u0131rma platformunun bir kullan\u0131c\u0131s\u0131d\u0131r. Bu t\u00fcr \u00e7erezlerin sistemler taraf\u0131ndan kullan\u0131m\u0131, sorumlu ki\u015finin kontrol\u00fc veya y\u00f6netimi alt\u0131nda de\u011fildir. Bu \u00e7erezler ayr\u0131ca bu web sitesinden sorumlu ki\u015fiye herhangi bir fayda olu\u015fturmaz. Automattic, Inc. ayr\u0131ca, WordPress sitelerine gelen ziyaret\u00e7ileri tan\u0131mlamaya ve takip etmeye yard\u0131mc\u0131 olmak, Automattic web sitesini kullan\u0131mlar\u0131 hakk\u0131nda bilgi edinmek ve \u201c\u00c7erezler\u201d b\u00f6l\u00fcm\u00fcnde yer ald\u0131\u011f\u0131 gibi siteye eri\u015fim tercihlerini \u00f6\u011frenmek i\u00e7in ba\u015fka \u00e7erezler kullan\u0131r.<\/p>\n\n<p>Sosyal medya \u00e7erezleri, \u00f6rne\u011fin bir sosyal a\u011fda transdiesel.es\u2019in payla\u015f d\u00fc\u011fmesini kulland\u0131\u011f\u0131n\u0131zda, transdiesel.es\u2019e g\u00f6z atarken taray\u0131c\u0131n\u0131zda saklanabilir.\r\nA\u015fa\u011f\u0131da, bu web sitesinin kendi \u00e7erez politikalar\u0131nda kulland\u0131\u011f\u0131 sosyal a\u011f \u00e7erezleri hakk\u0131nda bilgi bulabilirsiniz:<\/p>\n\n<ul><li>Facebook \u00c7erezleri, daha fazla bilgi i\u00e7in <a href=\"https:\/\/www.facebook.com\/privacy\/policies\/cookies\/?entry_point=cookie_policy_redirect&#038;entry=0\"> \u00c7erez Politikas\u0131<\/a>\r\n<\/li>\r\n<li>Twitter \u00c7erezleri, daha fazla bilgi i\u00e7in <a href=\"https:\/\/help.twitter.com\/es\/rules-and-policies\/twitter-cookies\"> \u00c7erez Politikas\u0131.<\/a><\/li>\r\n<li>Instagram \u00c7erezleri, daha fazla bilgi i\u00e7in <a href=\"https:\/\/help.instagram.com\/help\/instagram\/1896641480634370\/?locale=es_ES\"> \u00c7erez Politikas\u0131.<\/a>\r\n<\/li>\r\n<li>Google+ \u00c7erezler, daha fazla bilgi i\u00e7in <a href=\"https:\/\/policies.google.com\/technologies\/cookies?hl=es\"> \u00c7erez Politikas\u0131.\r\n<\/a>\r\n<\/li>\r\n<li>Youtube \u00c7erezleri, daha fazla bilgi i\u00e7in\r\n <a href=\"https:\/\/policies.google.com\/technologies\/cookies?hl=es\"> \u00c7erez Politikas\u0131.<\/a>\r\n<\/li>\r\n<\/ul>\n<h5>\u00c7EREZLER SILINEBILIR MI?<\/h5>\n\n<p>Evet ve yaln\u0131zca silme de\u011fil, ayn\u0131 zamanda belirli bir etki alan\u0131 i\u00e7in genel veya belirli bir \u015fekilde engelleme de yapabilirsiniz.\r\n\r\n\u00c7erezleri bir web sitesinden silmek i\u00e7in taray\u0131c\u0131n\u0131z\u0131n ayarlar k\u0131sm\u0131na giderek s\u00f6z konusu etki alan\u0131yla ili\u015fkili izinleri iptal edebilirsiniz.<\/p>\n\n<ul><li><strong>Chrome,<\/strong> i\u00e7in<a href=\"http:\/\/support.google.com\/chrome\/bin\/answer.py?hl=es&#038;answer=95647\"> http:\/\/support.google.com\/chrome\/bin\/answer.py?hl=es&#038;answer=95647<\/a>\r\n<\/li>\r\n<li><strong>Explorer,<\/strong> i\u00e7in <a href=\"https:\/\/support.microsoft.com\/en-us\/help\/17442\/windows-internet-explorer-delete-manage-cookies#ie=ie-10\"> https:\/\/support.microsoft.com\/en-us\/help\/17442\/windows-internet-explorer-delete-manage-cookies#ie=ie-10<\/a>\r\n<\/li>\r\n<li><strong>Firefox,<\/strong> i\u00e7in <a href=\"https:\/\/support.mozilla.org\/es\/kb\/habilitar-y-deshabilitar-cookies-sitios-web-rastrear-preferencias?redirectlocale=es&#038;redirectslug=habilitar-y-deshabilitar-cookies-que-los-sitios-we\"> https:\/\/support.mozilla.org\/es\/kb\/habilitar-y-deshabilitar-cookies-sitios-web-rastrear-preferencias?redirectlocale=es&#038;redirectslug=habilitar-y-deshabilitar-cookies-que-los-sitios-we<\/a>\r\n<\/li>\r\n<li><strong>Safari,<\/strong> i\u00e7in <a href=\"https:\/\/support.apple.com\/es-es\/HT201265\"> https:\/\/support.apple.com\/es-es\/HT201265<\/a>\r\n<\/li>\r\n<\/ul>\n<h5>\u00c7EREZLER HAKKINDA DAHA FAZLA BILGI<\/h5>\n\n<p>\u0130spanya Veri Koruma Kurumu taraf\u0131ndan yay\u0131nlanan &#8220;\u00c7erezlerin Kullan\u0131m\u0131na \u0130li\u015fkin K\u0131lavuz &#8220;da yer alan \u00e7erezlere ili\u015fkin d\u00fczenlemeyi inceleyebilir ve internette \u00e7erezler hakk\u0131nda daha fazla bilgi edinebilirsiniz, <a href=\"http:\/\/www.aboutcookies.org\/\">http:\/\/www.aboutcookies.org\/.<\/a><\/p>\n\n<p>\u00c7erezlerin y\u00fcklenmesi \u00fczerinde daha fazla kontrol sahibi olmak isterseniz, taray\u0131c\u0131n\u0131za &#8220;Do Not Track&#8221; ara\u00e7lar\u0131 olarak bilinen ve hangi \u00e7erezlere izin vermek istedi\u011finizi se\u00e7menize olanak tan\u0131yan programlar veya eklentiler y\u00fckleyebilirsiniz.<\/p>\n<\/p>\n","protected":false},"excerpt":{"rendered":"<p>Web sitemizi \u015fahsi herhangi bir bilgi vermeden ziyaret edebilir, \u00fcr\u00fcnlerimiz ve servislerimiz hakk\u0131nda bilgi alarak ihtiya\u00e7lar\u0131n\u0131z\u0131 kar\u015f\u0131layabilirsiniz. Ziyaretlerde site kullan\u0131m\u0131na ili\u015fkin bilgi toplamak i\u00e7in baz\u0131 \u00e7erezler kullan\u0131lmaktad\u0131r. Buradaki amac\u0131m\u0131z; web sitemizi ziyaret eden kullan\u0131c\u0131ya kolayl\u0131k sa\u011flamak ve i\u015fleyi\u015fi daha iyiye ta\u015f\u0131yabilmektir.Bilgi toplama y\u00f6ntemlerimizden biri, \u201ctan\u0131mlama bilgileri\u201d ad\u0131 verilen teknolojinin kullan\u0131lmas\u0131d\u0131r. Transdiesel.es\u2019de \u00e7erezler birka\u00e7 \u015fey i\u00e7in &#8230; <a title=\"\u00c7erez Politikas\u0131\" class=\"read-more\" href=\"https:\/\/seaenergy.es\/tr\/cerez-politikasi\/\" aria-label=\"More on \u00c7erez Politikas\u0131\">Devam\u0131n\u0131 oku<\/a><\/p>\n","protected":false},"author":1,"featured_media":0,"parent":0,"menu_order":0,"comment_status":"closed","ping_status":"closed","template":"","meta":{"footnotes":""},"class_list":["post-679","page","type-page","status-publish"],"yoast_head":"<!-- This site is optimized with the Yoast SEO plugin v21.6 - https:\/\/yoast.com\/wordpress\/plugins\/seo\/ -->\n<title>\u00c7erez Politikas\u0131 - Sea Energy<\/title>\n<meta name=\"robots\" content=\"index, follow, max-snippet:-1, max-image-preview:large, max-video-preview:-1\" \/>\n<link rel=\"canonical\" href=\"https:\/\/seaenergy.es\/tr\/cerez-politikasi\/\" \/>\n<meta property=\"og:locale\" content=\"tr_TR\" \/>\n<meta property=\"og:type\" content=\"article\" \/>\n<meta property=\"og:title\" content=\"\u00c7erez Politikas\u0131 - Sea Energy\" \/>\n<meta property=\"og:description\" content=\"Web sitemizi \u015fahsi herhangi bir bilgi vermeden ziyaret edebilir, \u00fcr\u00fcnlerimiz ve servislerimiz hakk\u0131nda bilgi alarak ihtiya\u00e7lar\u0131n\u0131z\u0131 kar\u015f\u0131layabilirsiniz. Ziyaretlerde site kullan\u0131m\u0131na ili\u015fkin bilgi toplamak i\u00e7in baz\u0131 \u00e7erezler kullan\u0131lmaktad\u0131r. Buradaki amac\u0131m\u0131z; web sitemizi ziyaret eden kullan\u0131c\u0131ya kolayl\u0131k sa\u011flamak ve i\u015fleyi\u015fi daha iyiye ta\u015f\u0131yabilmektir.Bilgi toplama y\u00f6ntemlerimizden biri, \u201ctan\u0131mlama bilgileri\u201d ad\u0131 verilen teknolojinin kullan\u0131lmas\u0131d\u0131r. Transdiesel.es\u2019de \u00e7erezler birka\u00e7 \u015fey i\u00e7in ... Devam\u0131n\u0131 oku\" \/>\n<meta property=\"og:url\" content=\"https:\/\/seaenergy.es\/tr\/cerez-politikasi\/\" \/>\n<meta property=\"og:site_name\" content=\"Sea Energy\" \/>\n<meta property=\"article:modified_time\" content=\"2023-01-17T12:07:36+00:00\" \/>\n<meta name=\"twitter:card\" content=\"summary_large_image\" \/>\n<meta name=\"twitter:label1\" content=\"Tahmini okuma s\u00fcresi\" \/>\n\t<meta name=\"twitter:data1\" content=\"5 dakika\" \/>\n<script type=\"application\/ld+json\" class=\"yoast-schema-graph\">{\"@context\":\"https:\/\/schema.org\",\"@graph\":[{\"@type\":\"WebPage\",\"@id\":\"https:\/\/seaenergy.es\/tr\/cerez-politikasi\/\",\"url\":\"https:\/\/seaenergy.es\/tr\/cerez-politikasi\/\",\"name\":\"\u00c7erez Politikas\u0131 - Sea Energy\",\"isPartOf\":{\"@id\":\"https:\/\/seaenergy.es\/tr\/#website\"},\"datePublished\":\"2022-12-13T22:43:09+00:00\",\"dateModified\":\"2023-01-17T12:07:36+00:00\",\"breadcrumb\":{\"@id\":\"https:\/\/seaenergy.es\/tr\/cerez-politikasi\/#breadcrumb\"},\"inLanguage\":\"tr\",\"potentialAction\":[{\"@type\":\"ReadAction\",\"target\":[\"https:\/\/seaenergy.es\/tr\/cerez-politikasi\/\"]}]},{\"@type\":\"BreadcrumbList\",\"@id\":\"https:\/\/seaenergy.es\/tr\/cerez-politikasi\/#breadcrumb\",\"itemListElement\":[{\"@type\":\"ListItem\",\"position\":1,\"name\":\"Portada\",\"item\":\"https:\/\/seaenergy.es\/tr\/\"},{\"@type\":\"ListItem\",\"position\":2,\"name\":\"\u00c7erez Politikas\u0131\"}]},{\"@type\":\"WebSite\",\"@id\":\"https:\/\/seaenergy.es\/tr\/#website\",\"url\":\"https:\/\/seaenergy.es\/tr\/\",\"name\":\"Sea Energy\",\"description\":\"SEAENERGY, LA SOLUCI\u00d3N PARA EL SUMINISTRO DE ENERG\u00cdA A BORDO\u200b\",\"publisher\":{\"@id\":\"https:\/\/seaenergy.es\/tr\/#organization\"},\"potentialAction\":[{\"@type\":\"SearchAction\",\"target\":{\"@type\":\"EntryPoint\",\"urlTemplate\":\"https:\/\/seaenergy.es\/tr\/?s={search_term_string}\"},\"query-input\":\"required name=search_term_string\"}],\"inLanguage\":\"tr\"},{\"@type\":\"Organization\",\"@id\":\"https:\/\/seaenergy.es\/tr\/#organization\",\"name\":\"Sea Energy\",\"url\":\"https:\/\/seaenergy.es\/tr\/\",\"logo\":{\"@type\":\"ImageObject\",\"inLanguage\":\"tr\",\"@id\":\"https:\/\/seaenergy.es\/tr\/#\/schema\/logo\/image\/\",\"url\":\"https:\/\/seaenergy.es\/wp-content\/uploads\/2022\/12\/Sea-Energy-Horizontal-logo.png\",\"contentUrl\":\"https:\/\/seaenergy.es\/wp-content\/uploads\/2022\/12\/Sea-Energy-Horizontal-logo.png\",\"width\":250,\"height\":43,\"caption\":\"Sea Energy\"},\"image\":{\"@id\":\"https:\/\/seaenergy.es\/tr\/#\/schema\/logo\/image\/\"}}]}<\/script>\n<!-- \/ Yoast SEO plugin. -->","yoast_head_json":{"title":"\u00c7erez Politikas\u0131 - Sea Energy","robots":{"index":"index","follow":"follow","max-snippet":"max-snippet:-1","max-image-preview":"max-image-preview:large","max-video-preview":"max-video-preview:-1"},"canonical":"https:\/\/seaenergy.es\/tr\/cerez-politikasi\/","og_locale":"tr_TR","og_type":"article","og_title":"\u00c7erez Politikas\u0131 - Sea Energy","og_description":"Web sitemizi \u015fahsi herhangi bir bilgi vermeden ziyaret edebilir, \u00fcr\u00fcnlerimiz ve servislerimiz hakk\u0131nda bilgi alarak ihtiya\u00e7lar\u0131n\u0131z\u0131 kar\u015f\u0131layabilirsiniz. Ziyaretlerde site kullan\u0131m\u0131na ili\u015fkin bilgi toplamak i\u00e7in baz\u0131 \u00e7erezler kullan\u0131lmaktad\u0131r. Buradaki amac\u0131m\u0131z; web sitemizi ziyaret eden kullan\u0131c\u0131ya kolayl\u0131k sa\u011flamak ve i\u015fleyi\u015fi daha iyiye ta\u015f\u0131yabilmektir.Bilgi toplama y\u00f6ntemlerimizden biri, \u201ctan\u0131mlama bilgileri\u201d ad\u0131 verilen teknolojinin kullan\u0131lmas\u0131d\u0131r. Transdiesel.es\u2019de \u00e7erezler birka\u00e7 \u015fey i\u00e7in ... Devam\u0131n\u0131 oku","og_url":"https:\/\/seaenergy.es\/tr\/cerez-politikasi\/","og_site_name":"Sea Energy","article_modified_time":"2023-01-17T12:07:36+00:00","twitter_card":"summary_large_image","twitter_misc":{"Tahmini okuma s\u00fcresi":"5 dakika"},"schema":{"@context":"https:\/\/schema.org","@graph":[{"@type":"WebPage","@id":"https:\/\/seaenergy.es\/tr\/cerez-politikasi\/","url":"https:\/\/seaenergy.es\/tr\/cerez-politikasi\/","name":"\u00c7erez Politikas\u0131 - Sea Energy","isPartOf":{"@id":"https:\/\/seaenergy.es\/tr\/#website"},"datePublished":"2022-12-13T22:43:09+00:00","dateModified":"2023-01-17T12:07:36+00:00","breadcrumb":{"@id":"https:\/\/seaenergy.es\/tr\/cerez-politikasi\/#breadcrumb"},"inLanguage":"tr","potentialAction":[{"@type":"ReadAction","target":["https:\/\/seaenergy.es\/tr\/cerez-politikasi\/"]}]},{"@type":"BreadcrumbList","@id":"https:\/\/seaenergy.es\/tr\/cerez-politikasi\/#breadcrumb","itemListElement":[{"@type":"ListItem","position":1,"name":"Portada","item":"https:\/\/seaenergy.es\/tr\/"},{"@type":"ListItem","position":2,"name":"\u00c7erez Politikas\u0131"}]},{"@type":"WebSite","@id":"https:\/\/seaenergy.es\/tr\/#website","url":"https:\/\/seaenergy.es\/tr\/","name":"Sea Energy","description":"SEAENERGY, LA SOLUCI\u00d3N PARA EL SUMINISTRO DE ENERG\u00cdA A BORDO\u200b","publisher":{"@id":"https:\/\/seaenergy.es\/tr\/#organization"},"potentialAction":[{"@type":"SearchAction","target":{"@type":"EntryPoint","urlTemplate":"https:\/\/seaenergy.es\/tr\/?s={search_term_string}"},"query-input":"required name=search_term_string"}],"inLanguage":"tr"},{"@type":"Organization","@id":"https:\/\/seaenergy.es\/tr\/#organization","name":"Sea Energy","url":"https:\/\/seaenergy.es\/tr\/","logo":{"@type":"ImageObject","inLanguage":"tr","@id":"https:\/\/seaenergy.es\/tr\/#\/schema\/logo\/image\/","url":"https:\/\/seaenergy.es\/wp-content\/uploads\/2022\/12\/Sea-Energy-Horizontal-logo.png","contentUrl":"https:\/\/seaenergy.es\/wp-content\/uploads\/2022\/12\/Sea-Energy-Horizontal-logo.png","width":250,"height":43,"caption":"Sea Energy"},"image":{"@id":"https:\/\/seaenergy.es\/tr\/#\/schema\/logo\/image\/"}}]}},"_links":{"self":[{"href":"https:\/\/seaenergy.es\/tr\/wp-json\/wp\/v2\/pages\/679","targetHints":{"allow":["GET"]}}],"collection":[{"href":"https:\/\/seaenergy.es\/tr\/wp-json\/wp\/v2\/pages"}],"about":[{"href":"https:\/\/seaenergy.es\/tr\/wp-json\/wp\/v2\/types\/page"}],"author":[{"embeddable":true,"href":"https:\/\/seaenergy.es\/tr\/wp-json\/wp\/v2\/users\/1"}],"replies":[{"embeddable":true,"href":"https:\/\/seaenergy.es\/tr\/wp-json\/wp\/v2\/comments?post=679"}],"version-history":[{"count":6,"href":"https:\/\/seaenergy.es\/tr\/wp-json\/wp\/v2\/pages\/679\/revisions"}],"predecessor-version":[{"id":745,"href":"https:\/\/seaenergy.es\/tr\/wp-json\/wp\/v2\/pages\/679\/revisions\/745"}],"wp:attachment":[{"href":"https:\/\/seaenergy.es\/tr\/wp-json\/wp\/v2\/media?parent=679"}],"curies":[{"name":"wp","href":"https:\/\/api.w.org\/{rel}","templated":true}]}}