{"id":684,"date":"2022-12-16T19:24:28","date_gmt":"2022-12-16T18:24:28","guid":{"rendered":"https:\/\/seaenergy.es\/sea-energy-ile-iletisime-gectiginiz-icin-tesekkur-ederiz\/"},"modified":"2023-01-16T10:21:44","modified_gmt":"2023-01-16T09:21:44","slug":"sea-energy-ile-iletisime-gectiginiz-icin-tesekkur-ederiz","status":"publish","type":"page","link":"https:\/\/seaenergy.es\/tr\/sea-energy-ile-iletisime-gectiginiz-icin-tesekkur-ederiz\/","title":{"rendered":"Sea Energy ile ileti\u015fime ge\u00e7ti\u011finiz i\u00e7in te\u015fekk\u00fcr ederiz"},"content":{"rendered":"\t\t<div data-elementor-type=\"wp-page\" data-elementor-id=\"684\" class=\"elementor elementor-684 elementor-606\" data-elementor-post-type=\"page\">\n\t\t\t\t\t\t\t\t\t<section class=\"elementor-section elementor-top-section elementor-element elementor-element-adad47d elementor-section-boxed elementor-section-height-default elementor-section-height-default\" data-id=\"adad47d\" data-element_type=\"section\">\n\t\t\t\t\t\t<div class=\"elementor-container elementor-column-gap-default\">\n\t\t\t\t\t<div class=\"elementor-column elementor-col-50 elementor-top-column elementor-element elementor-element-f4fda5a\" data-id=\"f4fda5a\" data-element_type=\"column\">\n\t\t\t<div class=\"elementor-widget-wrap elementor-element-populated\">\n\t\t\t\t\t\t\t\t<div class=\"elementor-element elementor-element-713a990 elementor-widget elementor-widget-image\" data-id=\"713a990\" data-element_type=\"widget\" data-widget_type=\"image.default\">\n\t\t\t\t<div class=\"elementor-widget-container\">\n\t\t\t<style>\/*! elementor - v3.18.0 - 08-12-2023 *\/\n.elementor-widget-image{text-align:center}.elementor-widget-image a{display:inline-block}.elementor-widget-image a img[src$=\".svg\"]{width:48px}.elementor-widget-image img{vertical-align:middle;display:inline-block}<\/style>\t\t\t\t\t\t\t\t\t\t\t\t<img fetchpriority=\"high\" decoding=\"async\" width=\"1024\" height=\"400\" src=\"https:\/\/seaenergy.es\/wp-content\/uploads\/2022\/12\/innovacion2-1024x400.jpg\" class=\"attachment-large size-large wp-image-147\" alt=\"\" srcset=\"https:\/\/seaenergy.es\/wp-content\/uploads\/2022\/12\/innovacion2-1024x400.jpg 1024w, https:\/\/seaenergy.es\/wp-content\/uploads\/2022\/12\/innovacion2-300x117.jpg 300w, https:\/\/seaenergy.es\/wp-content\/uploads\/2022\/12\/innovacion2-768x300.jpg 768w, https:\/\/seaenergy.es\/wp-content\/uploads\/2022\/12\/innovacion2.jpg 1536w\" sizes=\"(max-width: 1024px) 100vw, 1024px\" \/>\t\t\t\t\t\t\t\t\t\t\t\t\t\t\t<\/div>\n\t\t\t\t<\/div>\n\t\t\t\t\t<\/div>\n\t\t<\/div>\n\t\t\t\t<div class=\"elementor-column elementor-col-50 elementor-top-column elementor-element elementor-element-db7e723\" data-id=\"db7e723\" data-element_type=\"column\">\n\t\t\t<div class=\"elementor-widget-wrap elementor-element-populated\">\n\t\t\t\t\t\t\t\t<div class=\"elementor-element elementor-element-7e17a66 elementor-widget elementor-widget-text-editor\" data-id=\"7e17a66\" data-element_type=\"widget\" data-widget_type=\"text-editor.default\">\n\t\t\t\t<div class=\"elementor-widget-container\">\n\t\t\t<style>\/*! elementor - v3.18.0 - 08-12-2023 *\/\n.elementor-widget-text-editor.elementor-drop-cap-view-stacked .elementor-drop-cap{background-color:#69727d;color:#fff}.elementor-widget-text-editor.elementor-drop-cap-view-framed .elementor-drop-cap{color:#69727d;border:3px solid;background-color:transparent}.elementor-widget-text-editor:not(.elementor-drop-cap-view-default) .elementor-drop-cap{margin-top:8px}.elementor-widget-text-editor:not(.elementor-drop-cap-view-default) .elementor-drop-cap-letter{width:1em;height:1em}.elementor-widget-text-editor .elementor-drop-cap{float:left;text-align:center;line-height:1;font-size:50px}.elementor-widget-text-editor .elementor-drop-cap-letter{display:inline-block}<\/style>\t\t\t\t<p>Sea Energy ile ileti\u015fime ge\u00e7ti\u011finiz i\u00e7in te\u015fekk\u00fcr ederiz <br \/>En k\u0131sa s\u00fcrede sizinle ileti\u015fime ge\u00e7ece\u011fiz.<\/p>\n\t\t\t\t\t\t<\/div>\n\t\t\t\t<\/div>\n\t\t\t\t\t<\/div>\n\t\t<\/div>\n\t\t\t\t\t\t\t<\/div>\n\t\t<\/section>\n\t\t\t\t\t\t\t<\/div>\n\t\t","protected":false},"excerpt":{"rendered":"<p>Sea Energy ile ileti\u015fime ge\u00e7ti\u011finiz i\u00e7in te\u015fekk\u00fcr ederiz En k\u0131sa s\u00fcrede sizinle ileti\u015fime ge\u00e7ece\u011fiz.<\/p>\n","protected":false},"author":1,"featured_media":0,"parent":0,"menu_order":0,"comment_status":"closed","ping_status":"closed","template":"","meta":{"footnotes":""},"class_list":["post-684","page","type-page","status-publish"],"yoast_head":"<!-- This site is optimized with the Yoast SEO plugin v21.6 - https:\/\/yoast.com\/wordpress\/plugins\/seo\/ -->\n<title>Sea Energy ile ileti\u015fime ge\u00e7ti\u011finiz i\u00e7in te\u015fekk\u00fcr ederiz - Sea Energy<\/title>\n<meta name=\"robots\" content=\"index, follow, max-snippet:-1, max-image-preview:large, max-video-preview:-1\" \/>\n<link rel=\"canonical\" href=\"https:\/\/seaenergy.es\/tr\/sea-energy-ile-iletisime-gectiginiz-icin-tesekkur-ederiz\/\" \/>\n<meta property=\"og:locale\" content=\"tr_TR\" \/>\n<meta property=\"og:type\" content=\"article\" \/>\n<meta property=\"og:title\" content=\"Sea Energy ile ileti\u015fime ge\u00e7ti\u011finiz i\u00e7in te\u015fekk\u00fcr ederiz - Sea Energy\" \/>\n<meta property=\"og:description\" content=\"Sea Energy ile ileti\u015fime ge\u00e7ti\u011finiz i\u00e7in te\u015fekk\u00fcr ederiz En k\u0131sa s\u00fcrede sizinle ileti\u015fime ge\u00e7ece\u011fiz.\" \/>\n<meta property=\"og:url\" content=\"https:\/\/seaenergy.es\/tr\/sea-energy-ile-iletisime-gectiginiz-icin-tesekkur-ederiz\/\" \/>\n<meta property=\"og:site_name\" content=\"Sea Energy\" \/>\n<meta property=\"article:modified_time\" content=\"2023-01-16T09:21:44+00:00\" \/>\n<meta property=\"og:image\" content=\"https:\/\/seaenergy.es\/wp-content\/uploads\/2022\/12\/innovacion2-1024x400.jpg\" \/>\n<meta name=\"twitter:card\" content=\"summary_large_image\" \/>\n<script type=\"application\/ld+json\" class=\"yoast-schema-graph\">{\"@context\":\"https:\/\/schema.org\",\"@graph\":[{\"@type\":\"WebPage\",\"@id\":\"https:\/\/seaenergy.es\/tr\/sea-energy-ile-iletisime-gectiginiz-icin-tesekkur-ederiz\/\",\"url\":\"https:\/\/seaenergy.es\/tr\/sea-energy-ile-iletisime-gectiginiz-icin-tesekkur-ederiz\/\",\"name\":\"Sea Energy ile ileti\u015fime ge\u00e7ti\u011finiz i\u00e7in te\u015fekk\u00fcr ederiz - Sea Energy\",\"isPartOf\":{\"@id\":\"https:\/\/seaenergy.es\/tr\/#website\"},\"datePublished\":\"2022-12-16T18:24:28+00:00\",\"dateModified\":\"2023-01-16T09:21:44+00:00\",\"breadcrumb\":{\"@id\":\"https:\/\/seaenergy.es\/tr\/sea-energy-ile-iletisime-gectiginiz-icin-tesekkur-ederiz\/#breadcrumb\"},\"inLanguage\":\"tr\",\"potentialAction\":[{\"@type\":\"ReadAction\",\"target\":[\"https:\/\/seaenergy.es\/tr\/sea-energy-ile-iletisime-gectiginiz-icin-tesekkur-ederiz\/\"]}]},{\"@type\":\"BreadcrumbList\",\"@id\":\"https:\/\/seaenergy.es\/tr\/sea-energy-ile-iletisime-gectiginiz-icin-tesekkur-ederiz\/#breadcrumb\",\"itemListElement\":[{\"@type\":\"ListItem\",\"position\":1,\"name\":\"Portada\",\"item\":\"https:\/\/seaenergy.es\/tr\/\"},{\"@type\":\"ListItem\",\"position\":2,\"name\":\"Sea Energy ile ileti\u015fime ge\u00e7ti\u011finiz i\u00e7in te\u015fekk\u00fcr ederiz\"}]},{\"@type\":\"WebSite\",\"@id\":\"https:\/\/seaenergy.es\/tr\/#website\",\"url\":\"https:\/\/seaenergy.es\/tr\/\",\"name\":\"Sea Energy\",\"description\":\"SEAENERGY, LA SOLUCI\u00d3N PARA EL SUMINISTRO DE ENERG\u00cdA A BORDO\u200b\",\"publisher\":{\"@id\":\"https:\/\/seaenergy.es\/tr\/#organization\"},\"potentialAction\":[{\"@type\":\"SearchAction\",\"target\":{\"@type\":\"EntryPoint\",\"urlTemplate\":\"https:\/\/seaenergy.es\/tr\/?s={search_term_string}\"},\"query-input\":\"required name=search_term_string\"}],\"inLanguage\":\"tr\"},{\"@type\":\"Organization\",\"@id\":\"https:\/\/seaenergy.es\/tr\/#organization\",\"name\":\"Sea Energy\",\"url\":\"https:\/\/seaenergy.es\/tr\/\",\"logo\":{\"@type\":\"ImageObject\",\"inLanguage\":\"tr\",\"@id\":\"https:\/\/seaenergy.es\/tr\/#\/schema\/logo\/image\/\",\"url\":\"https:\/\/seaenergy.es\/wp-content\/uploads\/2022\/12\/Sea-Energy-Horizontal-logo.png\",\"contentUrl\":\"https:\/\/seaenergy.es\/wp-content\/uploads\/2022\/12\/Sea-Energy-Horizontal-logo.png\",\"width\":250,\"height\":43,\"caption\":\"Sea Energy\"},\"image\":{\"@id\":\"https:\/\/seaenergy.es\/tr\/#\/schema\/logo\/image\/\"}}]}<\/script>\n<!-- \/ Yoast SEO plugin. -->","yoast_head_json":{"title":"Sea Energy ile ileti\u015fime ge\u00e7ti\u011finiz i\u00e7in te\u015fekk\u00fcr ederiz - Sea Energy","robots":{"index":"index","follow":"follow","max-snippet":"max-snippet:-1","max-image-preview":"max-image-preview:large","max-video-preview":"max-video-preview:-1"},"canonical":"https:\/\/seaenergy.es\/tr\/sea-energy-ile-iletisime-gectiginiz-icin-tesekkur-ederiz\/","og_locale":"tr_TR","og_type":"article","og_title":"Sea Energy ile ileti\u015fime ge\u00e7ti\u011finiz i\u00e7in te\u015fekk\u00fcr ederiz - Sea Energy","og_description":"Sea Energy ile ileti\u015fime ge\u00e7ti\u011finiz i\u00e7in te\u015fekk\u00fcr ederiz En k\u0131sa s\u00fcrede sizinle ileti\u015fime ge\u00e7ece\u011fiz.","og_url":"https:\/\/seaenergy.es\/tr\/sea-energy-ile-iletisime-gectiginiz-icin-tesekkur-ederiz\/","og_site_name":"Sea Energy","article_modified_time":"2023-01-16T09:21:44+00:00","og_image":[{"url":"https:\/\/seaenergy.es\/wp-content\/uploads\/2022\/12\/innovacion2-1024x400.jpg"}],"twitter_card":"summary_large_image","schema":{"@context":"https:\/\/schema.org","@graph":[{"@type":"WebPage","@id":"https:\/\/seaenergy.es\/tr\/sea-energy-ile-iletisime-gectiginiz-icin-tesekkur-ederiz\/","url":"https:\/\/seaenergy.es\/tr\/sea-energy-ile-iletisime-gectiginiz-icin-tesekkur-ederiz\/","name":"Sea Energy ile ileti\u015fime ge\u00e7ti\u011finiz i\u00e7in te\u015fekk\u00fcr ederiz - Sea Energy","isPartOf":{"@id":"https:\/\/seaenergy.es\/tr\/#website"},"datePublished":"2022-12-16T18:24:28+00:00","dateModified":"2023-01-16T09:21:44+00:00","breadcrumb":{"@id":"https:\/\/seaenergy.es\/tr\/sea-energy-ile-iletisime-gectiginiz-icin-tesekkur-ederiz\/#breadcrumb"},"inLanguage":"tr","potentialAction":[{"@type":"ReadAction","target":["https:\/\/seaenergy.es\/tr\/sea-energy-ile-iletisime-gectiginiz-icin-tesekkur-ederiz\/"]}]},{"@type":"BreadcrumbList","@id":"https:\/\/seaenergy.es\/tr\/sea-energy-ile-iletisime-gectiginiz-icin-tesekkur-ederiz\/#breadcrumb","itemListElement":[{"@type":"ListItem","position":1,"name":"Portada","item":"https:\/\/seaenergy.es\/tr\/"},{"@type":"ListItem","position":2,"name":"Sea Energy ile ileti\u015fime ge\u00e7ti\u011finiz i\u00e7in te\u015fekk\u00fcr ederiz"}]},{"@type":"WebSite","@id":"https:\/\/seaenergy.es\/tr\/#website","url":"https:\/\/seaenergy.es\/tr\/","name":"Sea Energy","description":"SEAENERGY, LA SOLUCI\u00d3N PARA EL SUMINISTRO DE ENERG\u00cdA A BORDO\u200b","publisher":{"@id":"https:\/\/seaenergy.es\/tr\/#organization"},"potentialAction":[{"@type":"SearchAction","target":{"@type":"EntryPoint","urlTemplate":"https:\/\/seaenergy.es\/tr\/?s={search_term_string}"},"query-input":"required name=search_term_string"}],"inLanguage":"tr"},{"@type":"Organization","@id":"https:\/\/seaenergy.es\/tr\/#organization","name":"Sea Energy","url":"https:\/\/seaenergy.es\/tr\/","logo":{"@type":"ImageObject","inLanguage":"tr","@id":"https:\/\/seaenergy.es\/tr\/#\/schema\/logo\/image\/","url":"https:\/\/seaenergy.es\/wp-content\/uploads\/2022\/12\/Sea-Energy-Horizontal-logo.png","contentUrl":"https:\/\/seaenergy.es\/wp-content\/uploads\/2022\/12\/Sea-Energy-Horizontal-logo.png","width":250,"height":43,"caption":"Sea Energy"},"image":{"@id":"https:\/\/seaenergy.es\/tr\/#\/schema\/logo\/image\/"}}]}},"_links":{"self":[{"href":"https:\/\/seaenergy.es\/tr\/wp-json\/wp\/v2\/pages\/684","targetHints":{"allow":["GET"]}}],"collection":[{"href":"https:\/\/seaenergy.es\/tr\/wp-json\/wp\/v2\/pages"}],"about":[{"href":"https:\/\/seaenergy.es\/tr\/wp-json\/wp\/v2\/types\/page"}],"author":[{"embeddable":true,"href":"https:\/\/seaenergy.es\/tr\/wp-json\/wp\/v2\/users\/1"}],"replies":[{"embeddable":true,"href":"https:\/\/seaenergy.es\/tr\/wp-json\/wp\/v2\/comments?post=684"}],"version-history":[{"count":1,"href":"https:\/\/seaenergy.es\/tr\/wp-json\/wp\/v2\/pages\/684\/revisions"}],"predecessor-version":[{"id":685,"href":"https:\/\/seaenergy.es\/tr\/wp-json\/wp\/v2\/pages\/684\/revisions\/685"}],"wp:attachment":[{"href":"https:\/\/seaenergy.es\/tr\/wp-json\/wp\/v2\/media?parent=684"}],"curies":[{"name":"wp","href":"https:\/\/api.w.org\/{rel}","templated":true}]}}